{"id":3,"date":"2023-09-08T09:26:52","date_gmt":"2023-09-08T07:26:52","guid":{"rendered":"https:\/\/www.planete-web.com\/sites\/lafeeduvin\/?page_id=3"},"modified":"2023-09-08T12:08:14","modified_gmt":"2023-09-08T10:08:14","slug":"mentions-legales","status":"publish","type":"page","link":"https:\/\/www.planete-web.com\/sites\/lafeeduvin\/mentions-legales\/","title":{"rendered":"Politique de confidentialit\u00e9"},"content":{"rendered":"\r\n<p>Les mentions l\u00e9gales pouvant \u00eatre modifi\u00e9es \u00e0 tout moment et sans pr\u00e9avis, nous vous encourageons \u00e0 les consulter r\u00e9guli\u00e8rement.<\/p>\r\n<ol>\r\n<li><strong>IDENTIFICATION DU SITE<\/strong><\/li>\r\n<\/ol>\r\n<p>Editeur du site et cr\u00e9ation graphique :<br \/>PLANETE WEB<br \/>Adresse Internet : http:\/\/www.planete-web.com<br \/>H\u00e9bergement :<br \/>1&amp;1 Internet SARL<br \/>7, place de la Gare<br \/>BP 70109<br \/>57201 Sarreguemines Cedex<br \/>Tel : 0970 808 911(appel non surtax\u00e9)Email<br \/>Vous pouvez joindre nos agents commerciaux par email \u00e0 l\u2019adresse support@1and1.fr.<br \/>SARL au capital de 100 000 EUR<br \/>RCS Sarreguemines B 431 303 775<br \/>SIRET 431 303 775 000 16<br \/>Code APE : 6201Z<br \/>Identification intracommunautaire FR 13 431303775<br \/>Banque Populaire de Lorraine \u00e0 Sarreguemines<br \/>RIB : 14707 00010 08721005661 81<br \/>Directeur de la publication<br \/>Oliver Mauss<\/p>\r\n<ol start=\"2\">\r\n<li><strong>INFORMATIONS NOMINATIVES<\/strong><\/li>\r\n<\/ol>\r\n<p>Les informations nominatives collect\u00e9es sur le site sont destin\u00e9es \u00e0 la soci\u00e9t\u00e9 LA F\u00c9E DU VIN.<br \/>Conform\u00e9ment \u00e0 la loi \u00ab\u00a0Informatique et Libert\u00e9s\u00a0\u00bb du 6 janvier 1978, vous disposez d\u2019un droit d\u2019acc\u00e8s, de modification, de rectification et de suppression des donn\u00e9es personnelles qui vous concernent. Pour cela, il suffit d\u2019en faire la demande soit par courrier \u00e9lectronique aupr\u00e8s de l\u2019administrateur du Site \u00e0 l\u2019adresse suivante : contact@ lafeeduvin.com soit par courrier postal \u00e0 l\u2019adresse de LA F\u00c9E DU VIN \u2013 rue de l\u2019ancien Relais \u2013 35730 Pac\u00e9 \u2013 France<\/p>\r\n<ol start=\"3\">\r\n<li><strong>COOKIE<\/strong><\/li>\r\n<\/ol>\r\n<p>L\u2019utilisateur est inform\u00e9, que lors de ses visites sur le site, un cookie peut s\u2019installer automatiquement sur son logiciel de navigation. Le cookie est un bloc de donn\u00e9es qui ne permet pas d\u2019identifier l\u2019utilisateur mais sert \u00e0 enregistrer des informations relatives \u00e0 la navigation de celui-ci sur le site. L\u2019utilisation de ces cookies a pour finalit\u00e9 de proc\u00e9der \u00e0 des analyses de fr\u00e9quentation, mesures d\u2019audience\u2026 afin d\u2019am\u00e9liorer la qualit\u00e9 du site. Le param\u00e9trage de logiciel de navigation permet d\u2019informer de la pr\u00e9sence du cookie et \u00e9ventuellement de la refuser.<\/p>\r\n<ol start=\"4\">\r\n<li><strong>PROPRIETE INTELLECTUELLE<\/strong><\/li>\r\n<\/ol>\r\n<p>Ce site appartient et est exploit\u00e9 par la soci\u00e9t\u00e9 LA F\u00c9E DU VIN. Tous les \u00e9l\u00e9ments composant le Site, y incluant les marques, logos, noms de domaine et autres signes distinctifs apparaissant sur le site www.planete-web.com (ci-apr\u00e8s \u00ab\u00a0le Site\u00a0\u00bb), sont prot\u00e9g\u00e9s par la l\u00e9gislation en vigueur sur la propri\u00e9t\u00e9 intellectuelle et le droit d\u2019auteur, et appartiennent \u00e0 la soci\u00e9t\u00e9 LA F\u00c9E DU VIN ou font l\u2019objet d\u2019une autorisation d\u2019utilisation.<br \/>Tous les droits de reproduction sont r\u00e9serv\u00e9s. Toutefois l\u2019impression sur support papier est autoris\u00e9e sous r\u00e9serve de respecter l\u2019int\u00e9gralit\u00e9 des documents reproduits (pas de modification ni d\u2019alt\u00e9ration).<br \/>Toute exploitation non autoris\u00e9e du site ou de son contenu engagerait votre responsabilit\u00e9 et constituerait une contrefa\u00e7on sanctionn\u00e9e par les articles L335-2 et suivants du Code de la Propri\u00e9t\u00e9 Intellectuelle.<\/p>\r\n<ol start=\"5\">\r\n<li><strong>LIENS HYPERTEXTES<\/strong><\/li>\r\n<\/ol>\r\n<p>Le site peut contenir des liens hypertextes vers d\u2019autres sites dont la soci\u00e9t\u00e9 LA F\u00c9E DU VIN n\u2019est pas l\u2019\u00e9diteur. Vous \u00eates inform\u00e9 et vous acceptez que la soci\u00e9t\u00e9 LA F\u00c9E DU VIN ne soit pas responsable de l\u2019indisponibilit\u00e9 de tels sites et que la soci\u00e9t\u00e9 LA F\u00c9E DU VIN n\u2019examine, ne contr\u00f4le, n\u2019approuve ni n\u2019est responsable des contenus, publicit\u00e9s, produits ou autres \u00e9l\u00e9ments disponibles sur ou via ces sites. En cons\u00e9quence, l\u2019utilisation d\u2019un lien pointant vers un autre site est faite sous votre seule responsabilit\u00e9.<\/p>\r\n<ol start=\"6\">\r\n<li><strong>LIMITATION DE RESPONSABILIT\u00c9<\/strong><\/li>\r\n<\/ol>\r\n<p>La soci\u00e9t\u00e9 LA F\u00c9E DU VIN ne peut garantir l\u2019exactitude, la compl\u00e9tude, l\u2019actualit\u00e9 des informations diffus\u00e9es sur le site. La soci\u00e9t\u00e9 LA F\u00c9E DU VIN met tout en \u0153uvre pour diffuser des informations exactes et mises \u00e0 jour. Vous reconnaissez utiliser ces informations sous votre responsabilit\u00e9.<br \/>La soci\u00e9t\u00e9 LA F\u00c9E DU VIN ne peut \u00eatre tenu responsable :<br \/>\u2013 des erreurs ou omissions des informations diffuses sur le site,<br \/>\u2013 des dommages directs ou indirects qui pourraient r\u00e9sulter de l\u2019acc\u00e8s ou de l\u2019utilisation du site, y compris l\u2019accessibilit\u00e9, les pertes de donn\u00e9es, d\u00e9t\u00e9rioration, destruction ou virus qui pourraient affecter votre \u00e9quipement informatique et\/ou de la pr\u00e9sence de virus sur le site.<\/p>\r\n<ol start=\"7\">\r\n<li><strong>DISPONIBILIT\u00c9 DU SITE<\/strong><\/li>\r\n<\/ol>\r\n<p>Vous \u00eates inform\u00e9 que le site de LA F\u00c9E DU VIN est accessible 24 heures sur 24 et 7 jours sur 7 \u00e0 l\u2019exception des cas de force majeure, difficult\u00e9s informatiques, difficult\u00e9s li\u00e9es aux r\u00e9seaux de t\u00e9l\u00e9communication ou difficult\u00e9s techniques. Pour des raisons de maintenance, la soci\u00e9t\u00e9 LA F\u00c9E DU VIN pourra interrompre l\u2019acc\u00e8s au site.<br \/>Le site www.planete-web.com est optimis\u00e9 pour l\u2019ensemble des plateformes existantes et sur les versions des navigateurs :<br \/>\u2013 Internet explorer V. 5,6 et plus.<br \/>\u2013 Firefox<br \/>\u2013 Chrome<br \/>\u2013 Opera<br \/>\u2013 Safari<br \/>La soci\u00e9t\u00e9 LA F\u00c9E DU VIN se r\u00e9serve le droit de faire \u00e9voluer ou de modifier les conditions d\u2019utilisation et le contenu du pr\u00e9sent site \u00e0 tout moment et sans pr\u00e9avis.<\/p>\r\n<ol start=\"8\">\r\n<li><strong>DROIT APPLICABLE ET ATTRIBUTION DE COMP\u00c9TENCE<\/strong><\/li>\r\n<\/ol>\r\n<p>Le Site et son contenu sont soumis au droit fran\u00e7ais.<\/p>\r\n<ol start=\"9\">\r\n<li><strong>INFORMATIONS PERSONNELLES<\/strong><\/li>\r\n<\/ol>\r\n<p>En France, les donn\u00e9es personnelles sont prot\u00e9g\u00e9es par la loi n\u00b0 78-87 du 6 janvier 1978, la loi n\u00b02004-801 du 6 ao\u00fbt 2004, l\u2019article L. 226-13 du Code P\u00e9nal et la Directive Europ\u00e9enne du 24 octobre 1995. A l\u2019occasion de l\u2019utilisation du site www.planete-web.com, sont notamment recueillies les donn\u00e9es suivantes :<br \/>\u2013 l\u2019adresse internet URL des liens par l\u2019interm\u00e9diaire desquels l\u2019utilisateur a acc\u00e9d\u00e9 au site www.planete-web.com<br \/>\u2013 le fournisseur d\u2019acc\u00e8s de l\u2019utilisateur<br \/>\u2013 l\u2019adresse IP de l\u2019utilisateur<br \/>En tout \u00e9tat de cause, LA F\u00c9E DU VIN ne collecte des informations personnelles relatives \u00e0 l\u2019utilisateur (nom, soci\u00e9t\u00e9, adresse e-mail et num\u00e9ro de t\u00e9l\u00e9phone) que pour le besoin des services propos\u00e9s par www.planete-web.com. L\u2019utilisateur fournit ces informations en toute connaissance de cause, notamment lorsqu\u2019il proc\u00e8de lui-m\u00eame \u00e0 leur saisie. Il est alors pr\u00e9cis\u00e9 \u00e0 l\u2019utilisateur du site www.planete-web.com le caract\u00e8re obligatoire ou non des informations qu\u2019il serait amen\u00e9 \u00e0 fournir. Aucune information personnelle de l\u2019utilisateur du site www. lafeeduvin.com n\u2019est :<br \/>\u2013 collect\u00e9e \u00e0 son insu<br \/>\u2013 publi\u00e9 \u00e0 son insu<br \/>\u2013 \u00e9chang\u00e9e, transf\u00e9r\u00e9e, c\u00e9d\u00e9e ou vendue sur un support quelconque \u00e0 des tiers.<br \/>En revanche LA F\u00c9E DU VIN est autoris\u00e9 \u00e0 effectuer des \u00e9tudes et analyses statistiques sur l\u2019utilisation et la typologie des utilisateurs du site www.planete-web.com sous r\u00e9serve de confirmer l\u2019anonymat des ces derniers.<\/p>\r\n<ol start=\"10\">\r\n<li><strong>COPYRIGHT<\/strong><\/li>\r\n<\/ol>\r\n<p>Toutes les images et vid\u00e9os sont couvertes par un copyright et sont prot\u00e9g\u00e9es par les diff\u00e9rentes lois de France, les trait\u00e9s internationaux et autres lois applicables. Elles restent la propri\u00e9t\u00e9 exclusive de LA F\u00c9E DU VIN ou de ses conc\u00e9dants. L\u2019utilisation de ces images et vid\u00e9os est autoris\u00e9e par licence. Leur utilisation en dehors d\u2019un contrat de licence constitue une atteinte au copyright.<\/p>\r\n<ol start=\"11\">\r\n<li><strong>UTILISATIONS INTERDITES<\/strong><\/li>\r\n<\/ol>\r\n<p>\u2013 Copie ou reproduction de toutes les images et vid\u00e9os sans autorisation<br \/>\u2013 Retrait de tout avis de copyright, toute marque de fabrique ou filigrane visible sur toutes les vid\u00e9os<br \/>\u2013 Utilisation des images et vid\u00e9os \u00e0 des fins de broadcast et diffusion grand public non contr\u00f4l\u00e9e et\/ou contr\u00f4lable sans autorisation<\/p>\r\n<p>&nbsp;<\/p>\r\n<p>&nbsp;<\/p>\r\n","protected":false},"excerpt":{"rendered":"<p>Les mentions l\u00e9gales pouvant \u00eatre modifi\u00e9es \u00e0 tout moment et sans pr\u00e9avis, nous vous encourageons \u00e0 les consulter r\u00e9guli\u00e8rement. IDENTIFICATION DU SITE Editeur du site et cr\u00e9ation graphique :PLANETE WEBAdresse Internet : http:\/\/www.planete-web.comH\u00e9bergement :1&amp;1 Internet SARL7, place de la GareBP 7010957201 Sarreguemines CedexTel : 0970 808 911(appel non surtax\u00e9)EmailVous pouvez joindre nos agents commerciaux par [&hellip;]<\/p>\n","protected":false},"author":1,"featured_media":0,"parent":0,"menu_order":0,"comment_status":"closed","ping_status":"open","template":"","meta":{"footnotes":""},"class_list":["post-3","page","type-page","status-publish","hentry"],"_links":{"self":[{"href":"https:\/\/www.planete-web.com\/sites\/lafeeduvin\/wp-json\/wp\/v2\/pages\/3","targetHints":{"allow":["GET"]}}],"collection":[{"href":"https:\/\/www.planete-web.com\/sites\/lafeeduvin\/wp-json\/wp\/v2\/pages"}],"about":[{"href":"https:\/\/www.planete-web.com\/sites\/lafeeduvin\/wp-json\/wp\/v2\/types\/page"}],"author":[{"embeddable":true,"href":"https:\/\/www.planete-web.com\/sites\/lafeeduvin\/wp-json\/wp\/v2\/users\/1"}],"replies":[{"embeddable":true,"href":"https:\/\/www.planete-web.com\/sites\/lafeeduvin\/wp-json\/wp\/v2\/comments?post=3"}],"version-history":[{"count":1,"href":"https:\/\/www.planete-web.com\/sites\/lafeeduvin\/wp-json\/wp\/v2\/pages\/3\/revisions"}],"predecessor-version":[{"id":776,"href":"https:\/\/www.planete-web.com\/sites\/lafeeduvin\/wp-json\/wp\/v2\/pages\/3\/revisions\/776"}],"wp:attachment":[{"href":"https:\/\/www.planete-web.com\/sites\/lafeeduvin\/wp-json\/wp\/v2\/media?parent=3"}],"curies":[{"name":"wp","href":"https:\/\/api.w.org\/{rel}","templated":true}]}}