{"id":784,"date":"2023-09-10T12:58:10","date_gmt":"2023-09-10T10:58:10","guid":{"rendered":"https:\/\/www.planete-web.com\/sites\/lafeeduvin\/?page_id=784"},"modified":"2023-09-10T13:06:43","modified_gmt":"2023-09-10T11:06:43","slug":"coffrets-cadeaux-vin","status":"publish","type":"page","link":"https:\/\/www.planete-web.com\/sites\/lafeeduvin\/coffrets-cadeaux-vin\/","title":{"rendered":"Coffrets cadeaux"},"content":{"rendered":"<p>[vc_section][vc_row][vc_column width=\u00a0\u00bb1\/2&Prime;]<div  class=\"wpb_content_element   clearfix\"><style type=\"text\/css\">#ut_am_69e13be4add48 { opacity: 1; }#ut_am_wrap_69e13be4add49 .ut-image-gallery-item-caption-title h3 { letter-spacing: 0em; }#ut_am_wrap_69e13be4add49 .ut-gallery-slider-caption { font-weight: bold; }#ut_am_wrap_69e13be4add49 { text-align: center; }@media (min-width: 768px) and (max-width: 1024px) { #ut_am_wrap_69e13be4add49 { text-align: center !important; } }@media (max-width: 767px) { #ut_am_wrap_69e13be4add49 { text-align: center !important; } }<\/style><div id=\"ut_am_wrap_69e13be4add49\" class=\"ut-image-gallery-image \"><div id=\"ut_reveal_69e13be4add4a\"  data-appear-top-offset=\"auto\" class=\"ut-animated-image-item ut-image-gallery-item ut-animation-done \"><a class=\"ut-deactivated-link\" href=\"#\"><div class=\"ut-animated-image-zoom\"><img loading=\"lazy\" decoding=\"async\" class=\"ut-lazy skip-lazy ut-animated-image \"  id=\"ut_am_69e13be4add48\" src=\"data:image\/svg+xml;charset=utf-8,%3Csvg xmlns%3D'http%3A%2F%2Fwww.w3.org%2F2000%2Fsvg' viewBox%3D'0 0 500 500'%2F%3E\" data-src=\"https:\/\/www.planete-web.com\/sites\/lafeeduvin\/wp-content\/uploads\/2023\/09\/Lafeeduvin_09.jpg\" width=\"500\" height=\"500\" alt=\"\"\/><\/div><\/a><\/div><\/div><\/div>[\/vc_column][vc_column width=\u00a0\u00bb1\/2&Prime;]<style type=\"text\/css\">#ut_custom_heading69e13be4added { font-size:30px !important; }#ut_custom_heading69e13be4added { text-align:left; }@media (min-width: 768px) and (max-width: 1024px) { #ut_custom_heading69e13be4added { text-align:left; } }@media (max-width: 767px) { #ut_custom_heading69e13be4added { text-align:left; } }<\/style><h2 id=\"ut_custom_heading69e13be4added\" data-responsive-font=\"h2\" data-responsive-font-settings=\"{&quot;base-font-size&quot;:&quot;global&quot;,&quot;font-size&quot;:{&quot;desktop_large&quot;:&quot;30&quot;},&quot;base-line-height&quot;:&quot;global&quot;,&quot;base-letter-spacing&quot;:&quot;global&quot;}\" class=\"ut-custom-heading-module  \" ><span class=\"\" >Des coffrets cadeaux personnalis\u00e9s<\/span><\/h2>[vc_column_text]La F\u00e9e du Vin vous proposes \u00e9galement <strong>des options de personnalisation<\/strong> pour que chaque coffret soit unique, avec des cartes de v\u0153ux personnalis\u00e9es ou des emballages sur mesure portant le logo de votre entreprise. De cette mani\u00e8re, vos cadeaux sont impr\u00e9gn\u00e9s <strong>de votre identit\u00e9<\/strong> et de votre message de gratitude.<\/p>\n<p>Ensemble, faisons de chaque coffret de vin <strong>un t\u00e9moignage de votre appr\u00e9ciation<\/strong> envers vos clients pr\u00e9cieux et vos collaborateurs d\u00e9vou\u00e9s. D\u00e9couvrez notre gamme de coffrets de vin pour cadeaux d&rsquo;entreprise et pr\u00e9parez-vous \u00e0 cr\u00e9er des liens plus forts et \u00e0 marquer les esprits de mani\u00e8re m\u00e9morable. Chez nous, <strong>chaque bouteille raconte une histoire<\/strong>, chaque coffret cr\u00e9e un souvenir, et chaque client ou salari\u00e9 se sent valoris\u00e9. Commandez d\u00e8s aujourd&rsquo;hui et offrez un cadeau qui fait toute la diff\u00e9rence.<\/p>\n<p>Vous avez<strong> une vision unique pour vos cadeaux d&rsquo;entreprise en vin<\/strong>, et nous sommes l\u00e0 pour la concr\u00e9tiser. Imaginez des coffrets de vin sur mesure qui racontent votre histoire, refl\u00e8tent votre marque et s\u00e9duisent vos clients et vos salari\u00e9s de la mani\u00e8re la plus exceptionnelle.[\/vc_column_text][\/vc_column][\/vc_row][\/vc_section]<\/p>\n","protected":false},"excerpt":{"rendered":"<p>[vc_section][vc_row][vc_column width=\u00a0\u00bb1\/2&Prime;][\/vc_column][vc_column width=\u00a0\u00bb1\/2&Prime;][vc_column_text]La F\u00e9e du Vin vous proposes \u00e9galement des options de personnalisation pour que chaque coffret soit unique, avec des cartes de v\u0153ux personnalis\u00e9es ou des emballages sur mesure portant le logo de votre entreprise. De cette mani\u00e8re, vos cadeaux sont impr\u00e9gn\u00e9s de votre identit\u00e9 et de votre message de gratitude. Ensemble, faisons de [&hellip;]<\/p>\n","protected":false},"author":1,"featured_media":0,"parent":0,"menu_order":0,"comment_status":"closed","ping_status":"closed","template":"","meta":{"footnotes":""},"class_list":["post-784","page","type-page","status-publish","hentry"],"_links":{"self":[{"href":"https:\/\/www.planete-web.com\/sites\/lafeeduvin\/wp-json\/wp\/v2\/pages\/784","targetHints":{"allow":["GET"]}}],"collection":[{"href":"https:\/\/www.planete-web.com\/sites\/lafeeduvin\/wp-json\/wp\/v2\/pages"}],"about":[{"href":"https:\/\/www.planete-web.com\/sites\/lafeeduvin\/wp-json\/wp\/v2\/types\/page"}],"author":[{"embeddable":true,"href":"https:\/\/www.planete-web.com\/sites\/lafeeduvin\/wp-json\/wp\/v2\/users\/1"}],"replies":[{"embeddable":true,"href":"https:\/\/www.planete-web.com\/sites\/lafeeduvin\/wp-json\/wp\/v2\/comments?post=784"}],"version-history":[{"count":5,"href":"https:\/\/www.planete-web.com\/sites\/lafeeduvin\/wp-json\/wp\/v2\/pages\/784\/revisions"}],"predecessor-version":[{"id":790,"href":"https:\/\/www.planete-web.com\/sites\/lafeeduvin\/wp-json\/wp\/v2\/pages\/784\/revisions\/790"}],"wp:attachment":[{"href":"https:\/\/www.planete-web.com\/sites\/lafeeduvin\/wp-json\/wp\/v2\/media?parent=784"}],"curies":[{"name":"wp","href":"https:\/\/api.w.org\/{rel}","templated":true}]}}